{"id":9,"date":"2015-11-17T14:47:05","date_gmt":"2015-11-17T13:47:05","guid":{"rendered":"https:\/\/chrherzog.de\/eic\/?page_id=9"},"modified":"2016-09-27T12:05:48","modified_gmt":"2016-09-27T10:05:48","slug":"englisch-fuer-kinder-und-schueler","status":"publish","type":"page","link":"https:\/\/www.englisch-in-coe.de\/?page_id=9","title":{"rendered":"Englisch f\u00fcr Kinder und Sch\u00fcler"},"content":{"rendered":"<p>Alle Kinder werden mit der nat\u00fcrlichen F\u00e4higkeit geboren, Sprachen zu erlernen. Zuerst werden geh\u00f6rte Laute imitiert, dann Worte geformt und verstanden und schlie\u00dflich S\u00e4tze gebildet. Genau diese Fertigkeiten lassen sich auch f\u00fcr eine weitere Sprachausbildung nutzen. Es ist erwiesen, dass eine Sprache, die in den fr\u00fchen Jahren erlernt wurde, den Platz einer weiteren Muttersprache einnimmt und so eine in sp\u00e4teren Jahren, mit Hilfe des Denkens erlernte Fremdsprache, weit \u00fcberragt, sowohl vom Verst\u00e4ndnis als auch vom Akzent.<\/p>\n<p>Insbesondere sei hier das weit offen stehende Sprachfenster von zwei bis sieben Jahren genannt. Daher unterrichte ich nach der Helen Doron Early English Muttersprachenmethode. Mehr zur Methode und den Materialien unter <a href=\"https:\/\/www.englisch-in-coe.de\/?page_id=19\">Zusatzherausforderung<\/a>.<\/p>\n<p>Im \u00a0Januar 2017 starten neue Kurse &#8222;Fun with Flupe&#8220; (2-5 Jahre) und &#8222;Jump with Joey&#8220; (6-9 Jahre) &#8211; auf Wunsch auch in Ihrem Kindergarten!<\/p>\n<ul>\n<li><a href=\"https:\/\/www.englisch-in-coe.de\/?page_id=16\">Nachhilfe<\/a><\/li>\n<li><a href=\"https:\/\/www.englisch-in-coe.de\/?page_id=19\">Zusatzherausforderung<\/a><\/li>\n<li><a href=\"https:\/\/www.englisch-in-coe.de\/?page_id=25\">Termine Early English<\/a><\/li>\n<\/ul>\n","protected":false},"excerpt":{"rendered":"<p>Alle Kinder werden mit der nat\u00fcrlichen F\u00e4higkeit geboren, Sprachen zu erlernen. Zuerst werden geh\u00f6rte Laute imitiert, dann Worte geformt und verstanden und schlie\u00dflich S\u00e4tze gebildet. Genau diese Fertigkeiten lassen sich auch f\u00fcr eine weitere Sprachausbildung nutzen. Es ist erwiesen, dass eine Sprache, die in den fr\u00fchen Jahren erlernt wurde, den Platz einer weiteren Muttersprache einnimmt &#8230; <a title=\"Englisch f\u00fcr Kinder und Sch\u00fcler\" class=\"read-more\" href=\"https:\/\/www.englisch-in-coe.de\/?page_id=9\" aria-label=\"Mehr Informationen \u00fcber Englisch f\u00fcr Kinder und Sch\u00fcler\">Weiterlesen<\/a><\/p>\n","protected":false},"author":1,"featured_media":0,"parent":0,"menu_order":0,"comment_status":"closed","ping_status":"closed","template":"","meta":{"footnotes":""},"class_list":["post-9","page","type-page","status-publish"],"_links":{"self":[{"href":"https:\/\/www.englisch-in-coe.de\/index.php?rest_route=\/wp\/v2\/pages\/9","targetHints":{"allow":["GET"]}}],"collection":[{"href":"https:\/\/www.englisch-in-coe.de\/index.php?rest_route=\/wp\/v2\/pages"}],"about":[{"href":"https:\/\/www.englisch-in-coe.de\/index.php?rest_route=\/wp\/v2\/types\/page"}],"author":[{"embeddable":true,"href":"https:\/\/www.englisch-in-coe.de\/index.php?rest_route=\/wp\/v2\/users\/1"}],"replies":[{"embeddable":true,"href":"https:\/\/www.englisch-in-coe.de\/index.php?rest_route=%2Fwp%2Fv2%2Fcomments&post=9"}],"version-history":[{"count":11,"href":"https:\/\/www.englisch-in-coe.de\/index.php?rest_route=\/wp\/v2\/pages\/9\/revisions"}],"predecessor-version":[{"id":113,"href":"https:\/\/www.englisch-in-coe.de\/index.php?rest_route=\/wp\/v2\/pages\/9\/revisions\/113"}],"wp:attachment":[{"href":"https:\/\/www.englisch-in-coe.de\/index.php?rest_route=%2Fwp%2Fv2%2Fmedia&parent=9"}],"curies":[{"name":"wp","href":"https:\/\/api.w.org\/{rel}","templated":true}]}}