{"id":50,"date":"2015-11-17T15:27:25","date_gmt":"2015-11-17T14:27:25","guid":{"rendered":"https:\/\/chrherzog.de\/eic\/?page_id=50"},"modified":"2015-12-04T10:05:25","modified_gmt":"2015-12-04T09:05:25","slug":"ueber-mich","status":"publish","type":"page","link":"https:\/\/www.englisch-in-coe.de\/?page_id=50","title":{"rendered":"\u00dcber mich"},"content":{"rendered":"<p>Bereits als Jugendliche begann ich, Nachhilfe in Mathematik und Englisch zu geben. Nach meinem Abitur im Jahr 1998 (Englisch 1. Leistungskurs) machte ich eine Ausbildung zur Industriekauffrau, die ich im Januar 2001 erfolgreich abschloss. Schnell war klar, mein Hauptinteresse galt der englischen Sprache, so dass ich bis zu meiner Elternzeit die Kunden in den USA und Kanada betreute. Nebenbei gab ich Englischunterricht f\u00fcr Erwachsene, die die Fremdsprache im Beruf anwenden wollen und intensiv an Redefluss, Pr\u00e4sentationen, Aussprache und Grammatik arbeiten m\u00f6chten. <\/p>\n<p>Im Jahr 2003 absolvierte ich eine intensive sechsw\u00f6chige <a href=\"http:\/\/rennert.language-school-usa.com\/de\/\" target=\"_blank\">Sprachausbildung in New York City, USA<\/a>, in der ich die Feinheiten der englischen Sprache verinnerlichen konnte. Durch meine Arbeit im Vertrieb (2000-2012) reiste ich mehrmals im Jahr in die USA und andere englischsprachige L\u00e4nder.<\/p>\n<p>2005 wurde ich durchs Fernsehen auf <a href=\"http:\/\/www.hdee.de\/\" target=\"_blank\">Helen Doron Early English<\/a> aufmerksam und lie\u00df mich Anfang 2006 zur Helen Doron Lehrerin ausbilden. Seitdem unterrichtete ich &#8211; zun\u00e4chst neben meinem Hauptberuf im B\u00fcro &#8211; Englisch f\u00fcr Kinder. In dieser T\u00e4tigkeit steckt mein Herzblut, und ich verwende jede freie Minute f\u00fcr die Suche nach den besten Materialien und Spielen oder um Ideen weiterzuentwickeln und Stundenpl\u00e4ne zu verbessern. Regelm\u00e4\u00dfige Weiterbildungen durch Helen Doron English und in Eigenregie sind selbstverst\u00e4ndlich.<\/p>\n<p>Mit viel Geduld und Freude zu unterrichten: Das ist meine Leidenschaft. Ich freue mich darauf, Sie in meinen Kursen oder im Einzelunterricht begr\u00fc\u00dfen zu d\u00fcrfen!<\/p>\n<p>Schreiben Sie mir (<a href=\"mailto:Janine@Englisch-in-COE.de\" target=\"_blank\">Janine@Englisch-in-COE.de<\/a>) oder rufen Sie mich einfach an: 02541 888 44 18 oder 0176 20 670 273<\/p>\n<p>Untermen\u00fc<\/p>\n<ul>\n<li><a href=\"https:\/\/www.englisch-in-coe.de\/?page_id=57\">Kontakt<\/a><\/li>\n<\/ul>\n","protected":false},"excerpt":{"rendered":"<p>Bereits als Jugendliche begann ich, Nachhilfe in Mathematik und Englisch zu geben. Nach meinem Abitur im Jahr 1998 (Englisch 1. Leistungskurs) machte ich eine Ausbildung zur Industriekauffrau, die ich im Januar 2001 erfolgreich abschloss. Schnell war klar, mein Hauptinteresse galt der englischen Sprache, so dass ich bis zu meiner Elternzeit die Kunden in den USA &#8230; <a title=\"\u00dcber mich\" class=\"read-more\" href=\"https:\/\/www.englisch-in-coe.de\/?page_id=50\" aria-label=\"Mehr Informationen \u00fcber \u00dcber mich\">Weiterlesen<\/a><\/p>\n","protected":false},"author":1,"featured_media":0,"parent":0,"menu_order":0,"comment_status":"closed","ping_status":"closed","template":"","meta":{"footnotes":""},"class_list":["post-50","page","type-page","status-publish"],"_links":{"self":[{"href":"https:\/\/www.englisch-in-coe.de\/index.php?rest_route=\/wp\/v2\/pages\/50","targetHints":{"allow":["GET"]}}],"collection":[{"href":"https:\/\/www.englisch-in-coe.de\/index.php?rest_route=\/wp\/v2\/pages"}],"about":[{"href":"https:\/\/www.englisch-in-coe.de\/index.php?rest_route=\/wp\/v2\/types\/page"}],"author":[{"embeddable":true,"href":"https:\/\/www.englisch-in-coe.de\/index.php?rest_route=\/wp\/v2\/users\/1"}],"replies":[{"embeddable":true,"href":"https:\/\/www.englisch-in-coe.de\/index.php?rest_route=%2Fwp%2Fv2%2Fcomments&post=50"}],"version-history":[{"count":3,"href":"https:\/\/www.englisch-in-coe.de\/index.php?rest_route=\/wp\/v2\/pages\/50\/revisions"}],"predecessor-version":[{"id":78,"href":"https:\/\/www.englisch-in-coe.de\/index.php?rest_route=\/wp\/v2\/pages\/50\/revisions\/78"}],"wp:attachment":[{"href":"https:\/\/www.englisch-in-coe.de\/index.php?rest_route=%2Fwp%2Fv2%2Fmedia&parent=50"}],"curies":[{"name":"wp","href":"https:\/\/api.w.org\/{rel}","templated":true}]}}