{"id":42,"date":"2015-11-17T15:21:58","date_gmt":"2015-11-17T14:21:58","guid":{"rendered":"https:\/\/chrherzog.de\/eic\/?page_id=42"},"modified":"2015-12-04T10:02:55","modified_gmt":"2015-12-04T09:02:55","slug":"deutsch-als-fremdsprache","status":"publish","type":"page","link":"https:\/\/www.englisch-in-coe.de\/?page_id=42","title":{"rendered":"Deutsch als Fremdsprache"},"content":{"rendered":"<p>Sie suchen f\u00fcr sich oder Ihr Kind einen Deutschkurs, bei dem Kommunikationsf\u00e4higkeit und die Freude am Lernen im Vordergrund steht? <\/p>\n<p>Melden Sie sich oder Ihr Kind zur kostenlosen Probestunde an!<\/p>\n<p><a href=\"mailto:Janine@Englisch-in-COE.de\" target=\"_blank\">Janine@Englisch-in-COE.de<\/a><br \/>\nTel. 02541 888 44 18<\/p>\n<p>Untermen\u00fc<\/p>\n<ul>\n<li><a href=\"https:\/\/www.englisch-in-coe.de\/?page_id=46\">Deutsch als Fremdsprache f\u00fcr Erwachsene<\/a><\/li>\n<li><a href=\"https:\/\/www.englisch-in-coe.de\/?page_id=48\">Deutsch als Fremdsprache f\u00fcr Kinder<\/a><\/li>\n<\/ul>\n","protected":false},"excerpt":{"rendered":"<p>Sie suchen f\u00fcr sich oder Ihr Kind einen Deutschkurs, bei dem Kommunikationsf\u00e4higkeit und die Freude am Lernen im Vordergrund steht? Melden Sie sich oder Ihr Kind zur kostenlosen Probestunde an! Janine@Englisch-in-COE.de Tel. 02541 888 44 18 Untermen\u00fc Deutsch als Fremdsprache f\u00fcr Erwachsene Deutsch als Fremdsprache f\u00fcr Kinder<\/p>\n","protected":false},"author":1,"featured_media":0,"parent":0,"menu_order":0,"comment_status":"closed","ping_status":"closed","template":"","meta":{"footnotes":""},"class_list":["post-42","page","type-page","status-publish"],"_links":{"self":[{"href":"https:\/\/www.englisch-in-coe.de\/index.php?rest_route=\/wp\/v2\/pages\/42","targetHints":{"allow":["GET"]}}],"collection":[{"href":"https:\/\/www.englisch-in-coe.de\/index.php?rest_route=\/wp\/v2\/pages"}],"about":[{"href":"https:\/\/www.englisch-in-coe.de\/index.php?rest_route=\/wp\/v2\/types\/page"}],"author":[{"embeddable":true,"href":"https:\/\/www.englisch-in-coe.de\/index.php?rest_route=\/wp\/v2\/users\/1"}],"replies":[{"embeddable":true,"href":"https:\/\/www.englisch-in-coe.de\/index.php?rest_route=%2Fwp%2Fv2%2Fcomments&post=42"}],"version-history":[{"count":3,"href":"https:\/\/www.englisch-in-coe.de\/index.php?rest_route=\/wp\/v2\/pages\/42\/revisions"}],"predecessor-version":[{"id":75,"href":"https:\/\/www.englisch-in-coe.de\/index.php?rest_route=\/wp\/v2\/pages\/42\/revisions\/75"}],"wp:attachment":[{"href":"https:\/\/www.englisch-in-coe.de\/index.php?rest_route=%2Fwp%2Fv2%2Fmedia&parent=42"}],"curies":[{"name":"wp","href":"https:\/\/api.w.org\/{rel}","templated":true}]}}