{"id":35,"date":"2015-11-17T15:19:07","date_gmt":"2015-11-17T14:19:07","guid":{"rendered":"https:\/\/chrherzog.de\/eic\/?page_id=35"},"modified":"2016-01-28T11:08:45","modified_gmt":"2016-01-28T10:08:45","slug":"englisch-fuer-einsteiger","status":"publish","type":"page","link":"https:\/\/www.englisch-in-coe.de\/?page_id=35","title":{"rendered":"Englisch f\u00fcr Einsteiger"},"content":{"rendered":"<p>Sie sind v\u00f6lliger Neuling der englischen Sprache und trauen sich keinen Kurs in einer Gruppe zu? In Eins zu Eins Situationen gewinnen Sie Vertrauen in sich und ein Gef\u00fchl f\u00fcr die Englische Sprache. Stellen Sie sich einer neuen Herausforderung und st\u00e4rken Sie Ihr Selbstbewusstsein!<\/p>\n<p>Kosten: 30 EUR\/55 Minuten Einzelunterricht<\/p>\n<p>Ich freue mich auf Sie.<\/p>\n<p><a href=\"mailto:Janine@Englisch-in-COE.de\" target=\"_blank\">Janine@Englisch-in-COE.de<\/a><br \/>\nTel. 02541 888 44 18<\/p>\n","protected":false},"excerpt":{"rendered":"<p>Sie sind v\u00f6lliger Neuling der englischen Sprache und trauen sich keinen Kurs in einer Gruppe zu? In Eins zu Eins Situationen gewinnen Sie Vertrauen in sich und ein Gef\u00fchl f\u00fcr die Englische Sprache. Stellen Sie sich einer neuen Herausforderung und st\u00e4rken Sie Ihr Selbstbewusstsein! Kosten: 30 EUR\/55 Minuten Einzelunterricht Ich freue mich auf Sie. Janine@Englisch-in-COE.de &#8230; <a title=\"Englisch f\u00fcr Einsteiger\" class=\"read-more\" href=\"https:\/\/www.englisch-in-coe.de\/?page_id=35\" aria-label=\"Mehr Informationen \u00fcber Englisch f\u00fcr Einsteiger\">Weiterlesen<\/a><\/p>\n","protected":false},"author":1,"featured_media":0,"parent":27,"menu_order":0,"comment_status":"closed","ping_status":"closed","template":"","meta":{"footnotes":""},"class_list":["post-35","page","type-page","status-publish"],"_links":{"self":[{"href":"https:\/\/www.englisch-in-coe.de\/index.php?rest_route=\/wp\/v2\/pages\/35","targetHints":{"allow":["GET"]}}],"collection":[{"href":"https:\/\/www.englisch-in-coe.de\/index.php?rest_route=\/wp\/v2\/pages"}],"about":[{"href":"https:\/\/www.englisch-in-coe.de\/index.php?rest_route=\/wp\/v2\/types\/page"}],"author":[{"embeddable":true,"href":"https:\/\/www.englisch-in-coe.de\/index.php?rest_route=\/wp\/v2\/users\/1"}],"replies":[{"embeddable":true,"href":"https:\/\/www.englisch-in-coe.de\/index.php?rest_route=%2Fwp%2Fv2%2Fcomments&post=35"}],"version-history":[{"count":3,"href":"https:\/\/www.englisch-in-coe.de\/index.php?rest_route=\/wp\/v2\/pages\/35\/revisions"}],"predecessor-version":[{"id":96,"href":"https:\/\/www.englisch-in-coe.de\/index.php?rest_route=\/wp\/v2\/pages\/35\/revisions\/96"}],"up":[{"embeddable":true,"href":"https:\/\/www.englisch-in-coe.de\/index.php?rest_route=\/wp\/v2\/pages\/27"}],"wp:attachment":[{"href":"https:\/\/www.englisch-in-coe.de\/index.php?rest_route=%2Fwp%2Fv2%2Fmedia&parent=35"}],"curies":[{"name":"wp","href":"https:\/\/api.w.org\/{rel}","templated":true}]}}