{"id":32,"date":"2015-11-17T15:18:18","date_gmt":"2015-11-17T14:18:18","guid":{"rendered":"https:\/\/chrherzog.de\/eic\/?page_id=32"},"modified":"2018-05-22T13:15:53","modified_gmt":"2018-05-22T11:15:53","slug":"englisch-fuer-den-job","status":"publish","type":"page","link":"https:\/\/www.englisch-in-coe.de\/?page_id=32","title":{"rendered":"Englisch f\u00fcr den Job"},"content":{"rendered":"<p>Sie brauchen Englisch im Beruf? Sie wollen sicher und fl\u00fcssig telefonieren, pr\u00e4sentieren, referieren und verhandeln? Dann sind Sie bei mir richtig.<\/p>\n<p>In kleinen Gruppen oder einzeln gehen wir Ihre W\u00fcnsche mit einem auf Sie zugeschnittenen Konzept an. Preise nach Vereinbarung.<\/p>\n<p>&nbsp;<\/p>\n<p>Da ich aufgrund meiner Elternzeit nur Teilzeit arbeite, biete ich diese Form des Unterrichts zurzeit nicht an. Stand: 2017<\/p>\n","protected":false},"excerpt":{"rendered":"<p>Sie brauchen Englisch im Beruf? Sie wollen sicher und fl\u00fcssig telefonieren, pr\u00e4sentieren, referieren und verhandeln? Dann sind Sie bei mir richtig. In kleinen Gruppen oder einzeln gehen wir Ihre W\u00fcnsche mit einem auf Sie zugeschnittenen Konzept an. Preise nach Vereinbarung. &nbsp; Da ich aufgrund meiner Elternzeit nur Teilzeit arbeite, biete ich diese Form des Unterrichts &#8230; <a title=\"Englisch f\u00fcr den Job\" class=\"read-more\" href=\"https:\/\/www.englisch-in-coe.de\/?page_id=32\" aria-label=\"Mehr Informationen \u00fcber Englisch f\u00fcr den Job\">Weiterlesen<\/a><\/p>\n","protected":false},"author":1,"featured_media":0,"parent":27,"menu_order":0,"comment_status":"closed","ping_status":"closed","template":"","meta":{"footnotes":""},"class_list":["post-32","page","type-page","status-publish"],"_links":{"self":[{"href":"https:\/\/www.englisch-in-coe.de\/index.php?rest_route=\/wp\/v2\/pages\/32","targetHints":{"allow":["GET"]}}],"collection":[{"href":"https:\/\/www.englisch-in-coe.de\/index.php?rest_route=\/wp\/v2\/pages"}],"about":[{"href":"https:\/\/www.englisch-in-coe.de\/index.php?rest_route=\/wp\/v2\/types\/page"}],"author":[{"embeddable":true,"href":"https:\/\/www.englisch-in-coe.de\/index.php?rest_route=\/wp\/v2\/users\/1"}],"replies":[{"embeddable":true,"href":"https:\/\/www.englisch-in-coe.de\/index.php?rest_route=%2Fwp%2Fv2%2Fcomments&post=32"}],"version-history":[{"count":5,"href":"https:\/\/www.englisch-in-coe.de\/index.php?rest_route=\/wp\/v2\/pages\/32\/revisions"}],"predecessor-version":[{"id":129,"href":"https:\/\/www.englisch-in-coe.de\/index.php?rest_route=\/wp\/v2\/pages\/32\/revisions\/129"}],"up":[{"embeddable":true,"href":"https:\/\/www.englisch-in-coe.de\/index.php?rest_route=\/wp\/v2\/pages\/27"}],"wp:attachment":[{"href":"https:\/\/www.englisch-in-coe.de\/index.php?rest_route=%2Fwp%2Fv2%2Fmedia&parent=32"}],"curies":[{"name":"wp","href":"https:\/\/api.w.org\/{rel}","templated":true}]}}