{"id":2,"date":"2015-11-17T10:54:13","date_gmt":"2015-11-17T09:54:13","guid":{"rendered":"https:\/\/chrherzog.de\/eic\/?page_id=2"},"modified":"2018-08-20T14:53:24","modified_gmt":"2018-08-20T12:53:24","slug":"beispiel-seite","status":"publish","type":"page","link":"https:\/\/www.englisch-in-coe.de\/","title":{"rendered":"Welcome"},"content":{"rendered":"<p><a href=\"https:\/\/www.englisch-in-coe.de\/wp-content\/uploads\/2015\/11\/cropped-pic.jpg\"><img loading=\"lazy\" decoding=\"async\" class=\"alignnone size-medium wp-image-5\" src=\"https:\/\/www.englisch-in-coe.de\/wp-content\/uploads\/2015\/11\/cropped-pic-220x300.jpg\" alt=\"cropped-pic.jpg\" width=\"220\" height=\"300\" srcset=\"https:\/\/www.englisch-in-coe.de\/wp-content\/uploads\/2015\/11\/cropped-pic-220x300.jpg 220w, https:\/\/www.englisch-in-coe.de\/wp-content\/uploads\/2015\/11\/cropped-pic-751x1024.jpg 751w, https:\/\/www.englisch-in-coe.de\/wp-content\/uploads\/2015\/11\/cropped-pic.jpg 954w\" sizes=\"auto, (max-width: 220px) 100vw, 220px\" \/><\/a><\/p>\n<p>Sch\u00f6n, dass Sie den Weg zu meiner Homepage gefunden haben! Mein Name ist Janine Herzog und ich komme aus Coesfeld (Westfalen). Bereits als Jugendliche unterrichtete ich Englisch und lie\u00df mich 2006 zur Helen Doron Early English Lehrerin ausbilden.<\/p>\n<p>Unterrichten ist meine Leidenschaft. Ich freue mich, Sie in meinen Kursen oder im Einzelunterricht begr\u00fc\u00dfen zu d\u00fcrfen!<\/p>\n<p>&nbsp;<\/p>\n<p>Janine Herzog<br \/>\nAm Stockkamp 16a<br \/>\n48653 Coesfeld<br \/>\nTel. 0176 20 670 273<br \/>\nTel. 02541 888 44 18<br \/>\n<a href=\"https:\/\/www.Englisch-in-COE.de\">www.Englisch-in-COE.de<\/a><\/p>\n","protected":false},"excerpt":{"rendered":"<p>Sch\u00f6n, dass Sie den Weg zu meiner Homepage gefunden haben! Mein Name ist Janine Herzog und ich komme aus Coesfeld (Westfalen). Bereits als Jugendliche unterrichtete ich Englisch und lie\u00df mich 2006 zur Helen Doron Early English Lehrerin ausbilden. Unterrichten ist meine Leidenschaft. Ich freue mich, Sie in meinen Kursen oder im Einzelunterricht begr\u00fc\u00dfen zu d\u00fcrfen! &#8230; <a title=\"Welcome\" class=\"read-more\" href=\"https:\/\/www.englisch-in-coe.de\/\" aria-label=\"Mehr Informationen \u00fcber Welcome\">Weiterlesen<\/a><\/p>\n","protected":false},"author":1,"featured_media":0,"parent":0,"menu_order":0,"comment_status":"closed","ping_status":"open","template":"","meta":{"footnotes":""},"class_list":["post-2","page","type-page","status-publish"],"_links":{"self":[{"href":"https:\/\/www.englisch-in-coe.de\/index.php?rest_route=\/wp\/v2\/pages\/2","targetHints":{"allow":["GET"]}}],"collection":[{"href":"https:\/\/www.englisch-in-coe.de\/index.php?rest_route=\/wp\/v2\/pages"}],"about":[{"href":"https:\/\/www.englisch-in-coe.de\/index.php?rest_route=\/wp\/v2\/types\/page"}],"author":[{"embeddable":true,"href":"https:\/\/www.englisch-in-coe.de\/index.php?rest_route=\/wp\/v2\/users\/1"}],"replies":[{"embeddable":true,"href":"https:\/\/www.englisch-in-coe.de\/index.php?rest_route=%2Fwp%2Fv2%2Fcomments&post=2"}],"version-history":[{"count":10,"href":"https:\/\/www.englisch-in-coe.de\/index.php?rest_route=\/wp\/v2\/pages\/2\/revisions"}],"predecessor-version":[{"id":136,"href":"https:\/\/www.englisch-in-coe.de\/index.php?rest_route=\/wp\/v2\/pages\/2\/revisions\/136"}],"wp:attachment":[{"href":"https:\/\/www.englisch-in-coe.de\/index.php?rest_route=%2Fwp%2Fv2%2Fmedia&parent=2"}],"curies":[{"name":"wp","href":"https:\/\/api.w.org\/{rel}","templated":true}]}}