{"id":19,"date":"2015-11-17T15:04:35","date_gmt":"2015-11-17T14:04:35","guid":{"rendered":"https:\/\/chrherzog.de\/eic\/?page_id=19"},"modified":"2018-05-22T13:16:36","modified_gmt":"2018-05-22T11:16:36","slug":"zusatzherausforderung","status":"publish","type":"page","link":"https:\/\/www.englisch-in-coe.de\/?page_id=19","title":{"rendered":"Englisch f\u00fcr Kindergarten-Kinder"},"content":{"rendered":"<p>Vielen Kindern macht der Englischunterricht in der Grundschule und auch in der weiterf\u00fchrenden Schule Spa\u00df. Warum nicht weiterdenken und diese Motivation nutzen, um die Fremdsprachenkenntnisse zu vertiefen? Gerne stelle ich ein Programm f\u00fcr Sie zusammen &#8211; f\u00fcr Einzelunterricht oder Unterricht in einer kleinen Gruppe. Kommunikationsf\u00e4higkeit sowie Freude am Lernen stehen im Vordergrund.<\/p>\n<p>Melden Sie sich und Ihr Kind zur kostenlosen Helen Doron Early English Probestunde an!<\/p>\n<p><strong>Methode &amp; Material<\/strong><\/p>\n<p>Die Helen Doron Early English Methode des Englisch f\u00fcr Kinder wurde von der Sprachwissenschaftlerin Helen Doron entwickelt. Bereits seit 1985 werden Kinder auf der ganzen Welt nach dieser ganzheitlichen Methode unterrichtet &#8211; allein in Deutschland sind es zurzeit \u00fcber 25.000 Kinder. Alles basiert auf dem Muttersprachenprinzip, dem nat\u00fcrlichen Lernweg, mit dem ein Kind auch seine Muttersprache erlernt: durch wiederholtes H\u00f6ren und viel positiver Best\u00e4rkung.<\/p>\n<p>Die Helen Doron Methode bedeutet ganzheitliches Lernen und ein Erfahren der englischen Sprache mit allen Sinnen. Visuelle, auditive und bewegungsorientierte Lerntypen haben dadurch die M\u00f6glichkeit, vom Unterricht optimal zu profitieren. W\u00f6rter und Begriffe werden nicht \u00fcbersetzt, sondern auf allen Ebenen erlebt. Dank des wiederholten H\u00f6rens unserer CDs zu Hause nimmt Ihr Kind die Grammatik der englischen Sprache auf nat\u00fcrliche Art und Weise auf und eignet sich eine akzentfreie Aussprache an. Kommunikationsf\u00e4higkeit und Spa\u00df am Lernen stehen im Mittelpunkt. Weitere Informationen zum Material erhalten Sie unter <a href=\"http:\/\/www.helendoron.de\" target=\"_blank\" rel=\"noopener\">www.helendoron.de<\/a>.<\/p>\n","protected":false},"excerpt":{"rendered":"<p>Vielen Kindern macht der Englischunterricht in der Grundschule und auch in der weiterf\u00fchrenden Schule Spa\u00df. Warum nicht weiterdenken und diese Motivation nutzen, um die Fremdsprachenkenntnisse zu vertiefen? Gerne stelle ich ein Programm f\u00fcr Sie zusammen &#8211; f\u00fcr Einzelunterricht oder Unterricht in einer kleinen Gruppe. Kommunikationsf\u00e4higkeit sowie Freude am Lernen stehen im Vordergrund. Melden Sie sich &#8230; <a title=\"Englisch f\u00fcr Kindergarten-Kinder\" class=\"read-more\" href=\"https:\/\/www.englisch-in-coe.de\/?page_id=19\" aria-label=\"Mehr Informationen \u00fcber Englisch f\u00fcr Kindergarten-Kinder\">Weiterlesen<\/a><\/p>\n","protected":false},"author":1,"featured_media":0,"parent":9,"menu_order":0,"comment_status":"closed","ping_status":"closed","template":"","meta":{"footnotes":""},"class_list":["post-19","page","type-page","status-publish"],"_links":{"self":[{"href":"https:\/\/www.englisch-in-coe.de\/index.php?rest_route=\/wp\/v2\/pages\/19","targetHints":{"allow":["GET"]}}],"collection":[{"href":"https:\/\/www.englisch-in-coe.de\/index.php?rest_route=\/wp\/v2\/pages"}],"about":[{"href":"https:\/\/www.englisch-in-coe.de\/index.php?rest_route=\/wp\/v2\/types\/page"}],"author":[{"embeddable":true,"href":"https:\/\/www.englisch-in-coe.de\/index.php?rest_route=\/wp\/v2\/users\/1"}],"replies":[{"embeddable":true,"href":"https:\/\/www.englisch-in-coe.de\/index.php?rest_route=%2Fwp%2Fv2%2Fcomments&post=19"}],"version-history":[{"count":8,"href":"https:\/\/www.englisch-in-coe.de\/index.php?rest_route=\/wp\/v2\/pages\/19\/revisions"}],"predecessor-version":[{"id":130,"href":"https:\/\/www.englisch-in-coe.de\/index.php?rest_route=\/wp\/v2\/pages\/19\/revisions\/130"}],"up":[{"embeddable":true,"href":"https:\/\/www.englisch-in-coe.de\/index.php?rest_route=\/wp\/v2\/pages\/9"}],"wp:attachment":[{"href":"https:\/\/www.englisch-in-coe.de\/index.php?rest_route=%2Fwp%2Fv2%2Fmedia&parent=19"}],"curies":[{"name":"wp","href":"https:\/\/api.w.org\/{rel}","templated":true}]}}