{"id":16,"date":"2015-11-17T15:01:53","date_gmt":"2015-11-17T14:01:53","guid":{"rendered":"https:\/\/chrherzog.de\/eic\/?page_id=16"},"modified":"2016-01-28T10:56:03","modified_gmt":"2016-01-28T09:56:03","slug":"nachhilfe","status":"publish","type":"page","link":"https:\/\/www.englisch-in-coe.de\/?page_id=16","title":{"rendered":"Nachhilfe"},"content":{"rendered":"<p>Wenn die Motivation und der Spa\u00df auf dem m\u00fchsamen Weg des Fremdsprachenlernens liegen geblieben ist, wird es Zeit f\u00fcr eine Nachhilfe, die nicht nur die grammatischen Probleme geduldig erkl\u00e4rt und \u00fcbt, sondern dem Kind auch die Freude an der fremden Sprache zur\u00fcck gibt. Nur so ist gesichert, dass die Nachhilfe nach einiger Zeit nicht mehr n\u00f6tig ist. Im Einzel- oder Zweierunterricht wird intensiv auf die jeweiligen Bed\u00fcrfnisse eingegangen.<\/p>\n<p>Grundschulkinder werden optimal auf den Wechsel in die weiterf\u00fchrende Schule vorbereitet. Leider hat der Englischunterricht an vielen Coesfelder Grundschulen keine Priorit\u00e4t. Stunden fallen aus und der Stand, den vor allem die Gymnasien im Kreis erwarten, wird oft nicht erreicht, obwohl der Lehrplan eindeutig ist.<\/p>\n<p>Ich nehme 25 EUR pro 55 Minuten.<\/p>\n<p>Melden Sie sich und Ihr Kind zur kostenlosen Probestunde an!<\/p>\n<p>&nbsp;<\/p>\n<p><a href=\"mailto:Janine@Englisch-in-COE.de\" target=\"_blank\">Janine@Englisch-in-COE.de<\/a><\/p>\n","protected":false},"excerpt":{"rendered":"<p>Wenn die Motivation und der Spa\u00df auf dem m\u00fchsamen Weg des Fremdsprachenlernens liegen geblieben ist, wird es Zeit f\u00fcr eine Nachhilfe, die nicht nur die grammatischen Probleme geduldig erkl\u00e4rt und \u00fcbt, sondern dem Kind auch die Freude an der fremden Sprache zur\u00fcck gibt. Nur so ist gesichert, dass die Nachhilfe nach einiger Zeit nicht mehr &#8230; <a title=\"Nachhilfe\" class=\"read-more\" href=\"https:\/\/www.englisch-in-coe.de\/?page_id=16\" aria-label=\"Mehr Informationen \u00fcber Nachhilfe\">Weiterlesen<\/a><\/p>\n","protected":false},"author":1,"featured_media":0,"parent":9,"menu_order":0,"comment_status":"closed","ping_status":"closed","template":"","meta":{"footnotes":""},"class_list":["post-16","page","type-page","status-publish"],"_links":{"self":[{"href":"https:\/\/www.englisch-in-coe.de\/index.php?rest_route=\/wp\/v2\/pages\/16","targetHints":{"allow":["GET"]}}],"collection":[{"href":"https:\/\/www.englisch-in-coe.de\/index.php?rest_route=\/wp\/v2\/pages"}],"about":[{"href":"https:\/\/www.englisch-in-coe.de\/index.php?rest_route=\/wp\/v2\/types\/page"}],"author":[{"embeddable":true,"href":"https:\/\/www.englisch-in-coe.de\/index.php?rest_route=\/wp\/v2\/users\/1"}],"replies":[{"embeddable":true,"href":"https:\/\/www.englisch-in-coe.de\/index.php?rest_route=%2Fwp%2Fv2%2Fcomments&post=16"}],"version-history":[{"count":2,"href":"https:\/\/www.englisch-in-coe.de\/index.php?rest_route=\/wp\/v2\/pages\/16\/revisions"}],"predecessor-version":[{"id":86,"href":"https:\/\/www.englisch-in-coe.de\/index.php?rest_route=\/wp\/v2\/pages\/16\/revisions\/86"}],"up":[{"embeddable":true,"href":"https:\/\/www.englisch-in-coe.de\/index.php?rest_route=\/wp\/v2\/pages\/9"}],"wp:attachment":[{"href":"https:\/\/www.englisch-in-coe.de\/index.php?rest_route=%2Fwp%2Fv2%2Fmedia&parent=16"}],"curies":[{"name":"wp","href":"https:\/\/api.w.org\/{rel}","templated":true}]}}